{"id":537,"date":"2021-08-19T08:39:08","date_gmt":"2021-08-19T08:39:08","guid":{"rendered":"http:\/\/88.118.148.190\/highlevelfloor\/?page_id=537"},"modified":"2026-04-01T07:55:27","modified_gmt":"2026-04-01T07:55:27","slug":"impressum","status":"publish","type":"page","link":"https:\/\/hlfmarine.com\/de\/impressum\/","title":{"rendered":"Impressum"},"content":{"rendered":"\t\t<div data-elementor-type=\"wp-page\" data-elementor-id=\"537\" class=\"elementor elementor-537\" data-elementor-post-type=\"page\">\n\t\t\t\t<div class=\"elementor-element elementor-element-d3c321d e-flex e-con-boxed e-con e-parent\" data-id=\"d3c321d\" data-element_type=\"container\" data-e-type=\"container\">\n\t\t\t\t\t<div class=\"e-con-inner\">\n\t\t\t\t<div class=\"elementor-element elementor-element-8e4b35c elementor-widget elementor-widget-heading\" data-id=\"8e4b35c\" data-element_type=\"widget\" data-e-type=\"widget\" data-widget_type=\"heading.default\">\n\t\t\t\t\t<h3 class=\"elementor-heading-title elementor-size-default\">Angaben gem\u00e4\u00df \u00a7 5 TMG<\/h3>\t\t\t\t<\/div>\n\t\t\t\t<div class=\"elementor-element elementor-element-3d68450 elementor-widget__width-initial elementor-widget elementor-widget-spacer\" data-id=\"3d68450\" data-element_type=\"widget\" data-e-type=\"widget\" data-widget_type=\"spacer.default\">\n\t\t\t\t\t\t\t<div class=\"elementor-spacer\">\n\t\t\t<div class=\"elementor-spacer-inner\"><\/div>\n\t\t<\/div>\n\t\t\t\t\t\t<\/div>\n\t\t\t\t<div class=\"elementor-element elementor-element-d5135ac elementor-widget__width-initial elementor-widget elementor-widget-heading\" data-id=\"d5135ac\" data-element_type=\"widget\" data-e-type=\"widget\" data-widget_type=\"heading.default\">\n\t\t\t\t\t<h1 class=\"elementor-heading-title elementor-size-default\">Impressum<\/h1>\t\t\t\t<\/div>\n\t\t\t\t<div class=\"elementor-element elementor-element-ef2b8d8 elementor-widget__width-initial elementor-widget elementor-widget-text-editor\" data-id=\"ef2b8d8\" data-element_type=\"widget\" data-e-type=\"widget\" data-widget_type=\"text-editor.default\">\n\t\t\t\t\t\t\t\t\t<p>Bootsservice Rettich GmbH &amp; Co. KG<br \/>In Neust\u00fcckern 1<br \/>78351 Bodman<\/p><p>Handelsregister: HRA 703935<br \/>Registergericht: Amtsgericht Freiburg<\/p><p><strong>Vertreten durch die pers\u00f6nlich haftende Gesellschafterin:<\/strong><br \/>Rettich Verwaltungs GmbH<br \/>Sitz: Bodman-Ludwigshafen<\/p><p>Gesch\u00e4ftsf\u00fchrer:<br \/>Doris Rettich<\/p><p>Handelsregister: HRB 712234<br \/>Registergericht: Amtsgericht Freiburg<\/p><h2 class=\"fusion-responsive-typography-calculated\" data-fontsize=\"30\" data-lineheight=\"36px\">Kontakt<\/h2><p>Telefon: 07773 5011<br \/>Telefax: 07773 485<br \/>E-Mail: info@bootsservice-rettich.de<\/p><h2 class=\"fusion-responsive-typography-calculated\" data-fontsize=\"30\" data-lineheight=\"36px\">Umsatzsteuer<\/h2><p>Umsatzsteuer-Identifikationsnummer gem\u00e4\u00df \u00a727 a Umsatzsteuergesetz:<br \/>DE 298 428 780<\/p><h3 class=\"fusion-responsive-typography-calculated\" data-fontsize=\"24\" data-lineheight=\"28.8px\">Haftung f\u00fcr Inhalte<\/h3><p>Als Diensteanbieter sind wir gem\u00e4\u00df \u00a7 7 Abs.1 TMG f\u00fcr eigene Inhalte auf diesen Seiten nach den allgemeinen Gesetzen verantwortlich. Nach \u00a7\u00a7 8 bis 10 TMG sind wir als Diensteanbieter jedoch nicht verpflichtet, \u00fcbermittelte oder gespeicherte fremde Informationen zu \u00fcberwachen oder nach Umst\u00e4nden zu forschen, die auf eine rechtswidrige T\u00e4tigkeit hinweisen.<\/p><p>Verpflichtungen zur Entfernung oder Sperrung der Nutzung von Informationen nach den allgemeinen Gesetzen bleiben hiervon unber\u00fchrt. Eine diesbez\u00fcgliche Haftung ist jedoch erst ab dem Zeitpunkt der Kenntnis einer konkreten Rechtsverletzung m\u00f6glich. Bei Bekanntwerden von entsprechenden Rechtsverletzungen werden wir diese Inhalte umgehend entfernen.<\/p><h3 class=\"fusion-responsive-typography-calculated\" data-fontsize=\"24\" data-lineheight=\"28.8px\">Haftung f\u00fcr Links<\/h3><p>Unser Angebot enth\u00e4lt Links zu externen Websites Dritter, auf deren Inhalte wir keinen Einfluss haben. Deshalb k\u00f6nnen wir f\u00fcr diese fremden Inhalte auch keine Gew\u00e4hr \u00fcbernehmen. F\u00fcr die Inhalte der verlinkten Seiten ist stets der jeweilige Anbieter oder Betreiber der Seiten verantwortlich. Die verlinkten Seiten wurden zum Zeitpunkt der Verlinkung auf m\u00f6gliche Rechtsverst\u00f6\u00dfe \u00fcberpr\u00fcft. Rechtswidrige Inhalte waren zum Zeitpunkt der Verlinkung nicht erkennbar.<\/p><p>Eine permanente inhaltliche Kontrolle der verlinkten Seiten ist jedoch ohne konkrete Anhaltspunkte einer Rechtsverletzung nicht zumutbar. Bei Bekanntwerden von Rechtsverletzungen werden wir derartige Links umgehend entfernen.<\/p><h3 class=\"fusion-responsive-typography-calculated\" data-fontsize=\"24\" data-lineheight=\"28.8px\">Urheberrecht<\/h3><p>Die durch die Seitenbetreiber erstellten Inhalte und Werke auf diesen Seiten unterliegen dem deutschen Urheberrecht. Die Vervielf\u00e4ltigung, Bearbeitung, Verbreitung und jede Art der Verwertung au\u00dferhalb der Grenzen des Urheberrechtes bed\u00fcrfen der schriftlichen Zustimmung des jeweiligen Autors bzw. Erstellers. Downloads und Kopien dieser Seite sind nur f\u00fcr den privaten, nicht kommerziellen Gebrauch gestattet.<\/p><p>Soweit die Inhalte auf dieser Seite nicht vom Betreiber erstellt wurden, werden die Urheberrechte Dritter beachtet. Insbesondere werden Inhalte Dritter als solche gekennzeichnet. Sollten Sie trotzdem auf eine Urheberrechtsverletzung aufmerksam werden, bitten wir um einen entsprechenden Hinweis. Bei Bekanntwerden von Rechtsverletzungen werden wir derartige Inhalte umgehend entfernen.<\/p><h3>Umsetzung mit WordPress<\/h3><p>von der <a href=\"https:\/\/laolaweb.com\" target=\"_blank\" rel=\"noopener\">Internetagentur laOlaWeb<\/a><\/p>\t\t\t\t\t\t\t\t<\/div>\n\t\t\t\t\t<\/div>\n\t\t\t\t<\/div>\n\t\t\t\t<\/div>\n\t\t","protected":false},"excerpt":{"rendered":"<p>Angaben gem\u00e4\u00df \u00a7 5 TMG Impressum Bootsservice Rettich GmbH &amp; Co. KGIn Neust\u00fcckern 178351 Bodman Handelsregister: HRA 703935Registergericht: Amtsgericht Freiburg Vertreten durch die pers\u00f6nlich haftende Gesellschafterin:Rettich Verwaltungs GmbHSitz: Bodman-Ludwigshafen Gesch\u00e4ftsf\u00fchrer:Doris Rettich Handelsregister: HRB 712234Registergericht: Amtsgericht Freiburg Kontakt Telefon: 07773 5011Telefax: 07773 485E-Mail: info@bootsservice-rettich.de Umsatzsteuer Umsatzsteuer-Identifikationsnummer gem\u00e4\u00df \u00a727 a Umsatzsteuergesetz:DE 298 428 780 Haftung f\u00fcr Inhalte [&hellip;]<\/p>\n","protected":false},"author":4,"featured_media":0,"parent":0,"menu_order":0,"comment_status":"closed","ping_status":"closed","template":"","meta":{"footnotes":""},"class_list":["post-537","page","type-page","status-publish","hentry"],"yoast_head":"<!-- This site is optimized with the Yoast SEO plugin v27.3 - https:\/\/yoast.com\/product\/yoast-seo-wordpress\/ -->\n<title>Impressum - HLF Marine<\/title>\n<meta name=\"robots\" content=\"index, follow, max-snippet:-1, max-image-preview:large, max-video-preview:-1\" \/>\n<link rel=\"canonical\" href=\"https:\/\/hlfmarine.com\/de\/impressum\/\" \/>\n<meta property=\"og:locale\" content=\"de_DE\" \/>\n<meta property=\"og:type\" content=\"article\" \/>\n<meta property=\"og:title\" content=\"Impressum - HLF Marine\" \/>\n<meta property=\"og:description\" content=\"Angaben gem\u00e4\u00df \u00a7 5 TMG Impressum Bootsservice Rettich GmbH &amp; Co. KGIn Neust\u00fcckern 178351 Bodman Handelsregister: HRA 703935Registergericht: Amtsgericht Freiburg Vertreten durch die pers\u00f6nlich haftende Gesellschafterin:Rettich Verwaltungs GmbHSitz: Bodman-Ludwigshafen Gesch\u00e4ftsf\u00fchrer:Doris Rettich Handelsregister: HRB 712234Registergericht: Amtsgericht Freiburg Kontakt Telefon: 07773 5011Telefax: 07773 485E-Mail: info@bootsservice-rettich.de Umsatzsteuer Umsatzsteuer-Identifikationsnummer gem\u00e4\u00df \u00a727 a Umsatzsteuergesetz:DE 298 428 780 Haftung f\u00fcr Inhalte [&hellip;]\" \/>\n<meta property=\"og:url\" content=\"https:\/\/hlfmarine.com\/de\/impressum\/\" \/>\n<meta property=\"og:site_name\" content=\"HLF Marine\" \/>\n<meta property=\"article:modified_time\" content=\"2026-04-01T07:55:27+00:00\" \/>\n<meta name=\"twitter:card\" content=\"summary_large_image\" \/>\n<meta name=\"twitter:label1\" content=\"Gesch\u00e4tzte Lesezeit\" \/>\n\t<meta name=\"twitter:data1\" content=\"2\u00a0Minuten\" \/>\n<script type=\"application\/ld+json\" class=\"yoast-schema-graph\">{\"@context\":\"https:\\\/\\\/schema.org\",\"@graph\":[{\"@type\":\"WebPage\",\"@id\":\"https:\\\/\\\/hlfmarine.com\\\/impressum\\\/\",\"url\":\"https:\\\/\\\/hlfmarine.com\\\/impressum\\\/\",\"name\":\"Impressum - HLF Marine\",\"isPartOf\":{\"@id\":\"https:\\\/\\\/hlfmarine.com\\\/de\\\/#website\"},\"datePublished\":\"2021-08-19T08:39:08+00:00\",\"dateModified\":\"2026-04-01T07:55:27+00:00\",\"breadcrumb\":{\"@id\":\"https:\\\/\\\/hlfmarine.com\\\/impressum\\\/#breadcrumb\"},\"inLanguage\":\"de\",\"potentialAction\":[{\"@type\":\"ReadAction\",\"target\":[\"https:\\\/\\\/hlfmarine.com\\\/impressum\\\/\"]}]},{\"@type\":\"BreadcrumbList\",\"@id\":\"https:\\\/\\\/hlfmarine.com\\\/impressum\\\/#breadcrumb\",\"itemListElement\":[{\"@type\":\"ListItem\",\"position\":1,\"name\":\"Start\",\"item\":\"https:\\\/\\\/hlfmarine.com\\\/\"},{\"@type\":\"ListItem\",\"position\":2,\"name\":\"Impressum\"}]},{\"@type\":\"WebSite\",\"@id\":\"https:\\\/\\\/hlfmarine.com\\\/de\\\/#website\",\"url\":\"https:\\\/\\\/hlfmarine.com\\\/de\\\/\",\"name\":\"HLF Marine\",\"description\":\"High Level Floor bietet vollkommen neue Gestaltungsm\u00f6glichkeiten f\u00fcr den Decksbelag Ihres Bootes.\",\"publisher\":{\"@id\":\"https:\\\/\\\/hlfmarine.com\\\/de\\\/#organization\"},\"potentialAction\":[{\"@type\":\"SearchAction\",\"target\":{\"@type\":\"EntryPoint\",\"urlTemplate\":\"https:\\\/\\\/hlfmarine.com\\\/de\\\/?s={search_term_string}\"},\"query-input\":{\"@type\":\"PropertyValueSpecification\",\"valueRequired\":true,\"valueName\":\"search_term_string\"}}],\"inLanguage\":\"de\"},{\"@type\":\"Organization\",\"@id\":\"https:\\\/\\\/hlfmarine.com\\\/de\\\/#organization\",\"name\":\"HLF Marine\",\"url\":\"https:\\\/\\\/hlfmarine.com\\\/de\\\/\",\"logo\":{\"@type\":\"ImageObject\",\"inLanguage\":\"de\",\"@id\":\"https:\\\/\\\/hlfmarine.com\\\/de\\\/#\\\/schema\\\/logo\\\/image\\\/\",\"url\":\"https:\\\/\\\/hlfmarine.com\\\/wp-content\\\/uploads\\\/2021\\\/06\\\/logo2.png\",\"contentUrl\":\"https:\\\/\\\/hlfmarine.com\\\/wp-content\\\/uploads\\\/2021\\\/06\\\/logo2.png\",\"width\":519,\"height\":260,\"caption\":\"HLF Marine\"},\"image\":{\"@id\":\"https:\\\/\\\/hlfmarine.com\\\/de\\\/#\\\/schema\\\/logo\\\/image\\\/\"}}]}<\/script>\n<!-- \/ Yoast SEO plugin. -->","yoast_head_json":{"title":"Impressum - HLF Marine","robots":{"index":"index","follow":"follow","max-snippet":"max-snippet:-1","max-image-preview":"max-image-preview:large","max-video-preview":"max-video-preview:-1"},"canonical":"https:\/\/hlfmarine.com\/de\/impressum\/","og_locale":"de_DE","og_type":"article","og_title":"Impressum - HLF Marine","og_description":"Angaben gem\u00e4\u00df \u00a7 5 TMG Impressum Bootsservice Rettich GmbH &amp; Co. KGIn Neust\u00fcckern 178351 Bodman Handelsregister: HRA 703935Registergericht: Amtsgericht Freiburg Vertreten durch die pers\u00f6nlich haftende Gesellschafterin:Rettich Verwaltungs GmbHSitz: Bodman-Ludwigshafen Gesch\u00e4ftsf\u00fchrer:Doris Rettich Handelsregister: HRB 712234Registergericht: Amtsgericht Freiburg Kontakt Telefon: 07773 5011Telefax: 07773 485E-Mail: info@bootsservice-rettich.de Umsatzsteuer Umsatzsteuer-Identifikationsnummer gem\u00e4\u00df \u00a727 a Umsatzsteuergesetz:DE 298 428 780 Haftung f\u00fcr Inhalte [&hellip;]","og_url":"https:\/\/hlfmarine.com\/de\/impressum\/","og_site_name":"HLF Marine","article_modified_time":"2026-04-01T07:55:27+00:00","twitter_card":"summary_large_image","twitter_misc":{"Gesch\u00e4tzte Lesezeit":"2\u00a0Minuten"},"schema":{"@context":"https:\/\/schema.org","@graph":[{"@type":"WebPage","@id":"https:\/\/hlfmarine.com\/impressum\/","url":"https:\/\/hlfmarine.com\/impressum\/","name":"Impressum - HLF Marine","isPartOf":{"@id":"https:\/\/hlfmarine.com\/de\/#website"},"datePublished":"2021-08-19T08:39:08+00:00","dateModified":"2026-04-01T07:55:27+00:00","breadcrumb":{"@id":"https:\/\/hlfmarine.com\/impressum\/#breadcrumb"},"inLanguage":"de","potentialAction":[{"@type":"ReadAction","target":["https:\/\/hlfmarine.com\/impressum\/"]}]},{"@type":"BreadcrumbList","@id":"https:\/\/hlfmarine.com\/impressum\/#breadcrumb","itemListElement":[{"@type":"ListItem","position":1,"name":"Start","item":"https:\/\/hlfmarine.com\/"},{"@type":"ListItem","position":2,"name":"Impressum"}]},{"@type":"WebSite","@id":"https:\/\/hlfmarine.com\/de\/#website","url":"https:\/\/hlfmarine.com\/de\/","name":"HLF Marine","description":"High Level Floor bietet vollkommen neue Gestaltungsm\u00f6glichkeiten f\u00fcr den Decksbelag Ihres Bootes.","publisher":{"@id":"https:\/\/hlfmarine.com\/de\/#organization"},"potentialAction":[{"@type":"SearchAction","target":{"@type":"EntryPoint","urlTemplate":"https:\/\/hlfmarine.com\/de\/?s={search_term_string}"},"query-input":{"@type":"PropertyValueSpecification","valueRequired":true,"valueName":"search_term_string"}}],"inLanguage":"de"},{"@type":"Organization","@id":"https:\/\/hlfmarine.com\/de\/#organization","name":"HLF Marine","url":"https:\/\/hlfmarine.com\/de\/","logo":{"@type":"ImageObject","inLanguage":"de","@id":"https:\/\/hlfmarine.com\/de\/#\/schema\/logo\/image\/","url":"https:\/\/hlfmarine.com\/wp-content\/uploads\/2021\/06\/logo2.png","contentUrl":"https:\/\/hlfmarine.com\/wp-content\/uploads\/2021\/06\/logo2.png","width":519,"height":260,"caption":"HLF Marine"},"image":{"@id":"https:\/\/hlfmarine.com\/de\/#\/schema\/logo\/image\/"}}]}},"_links":{"self":[{"href":"https:\/\/hlfmarine.com\/de\/wp-json\/wp\/v2\/pages\/537","targetHints":{"allow":["GET"]}}],"collection":[{"href":"https:\/\/hlfmarine.com\/de\/wp-json\/wp\/v2\/pages"}],"about":[{"href":"https:\/\/hlfmarine.com\/de\/wp-json\/wp\/v2\/types\/page"}],"author":[{"embeddable":true,"href":"https:\/\/hlfmarine.com\/de\/wp-json\/wp\/v2\/users\/4"}],"replies":[{"embeddable":true,"href":"https:\/\/hlfmarine.com\/de\/wp-json\/wp\/v2\/comments?post=537"}],"version-history":[{"count":10,"href":"https:\/\/hlfmarine.com\/de\/wp-json\/wp\/v2\/pages\/537\/revisions"}],"predecessor-version":[{"id":2498,"href":"https:\/\/hlfmarine.com\/de\/wp-json\/wp\/v2\/pages\/537\/revisions\/2498"}],"wp:attachment":[{"href":"https:\/\/hlfmarine.com\/de\/wp-json\/wp\/v2\/media?parent=537"}],"curies":[{"name":"wp","href":"https:\/\/api.w.org\/{rel}","templated":true}]}}