{"id":537,"date":"2021-08-19T08:39:08","date_gmt":"2021-08-19T08:39:08","guid":{"rendered":"http:\/\/88.118.148.190\/highlevelfloor\/?page_id=537"},"modified":"2026-04-01T07:55:27","modified_gmt":"2026-04-01T07:55:27","slug":"imprint","status":"publish","type":"page","link":"https:\/\/hlfmarine.com\/en\/impressum\/","title":{"rendered":"Imprint"},"content":{"rendered":"<div data-elementor-type=\"wp-page\" data-elementor-id=\"537\" class=\"elementor elementor-537\" data-elementor-post-type=\"page\">\n\t\t\t\t<div class=\"elementor-element elementor-element-d3c321d e-flex e-con-boxed e-con e-parent\" data-id=\"d3c321d\" data-element_type=\"container\" data-e-type=\"container\">\n\t\t\t\t\t<div class=\"e-con-inner\">\n\t\t\t\t<div class=\"elementor-element elementor-element-8e4b35c elementor-widget elementor-widget-heading\" data-id=\"8e4b35c\" data-element_type=\"widget\" data-e-type=\"widget\" data-widget_type=\"heading.default\">\n\t\t\t\t\t<h3 class=\"elementor-heading-title elementor-size-default\">Information according to \u00a7 5 TMG<\/h3>\t\t\t\t<\/div>\n\t\t\t\t<div class=\"elementor-element elementor-element-3d68450 elementor-widget__width-initial elementor-widget elementor-widget-spacer\" data-id=\"3d68450\" data-element_type=\"widget\" data-e-type=\"widget\" data-widget_type=\"spacer.default\">\n\t\t\t\t\t\t\t<div class=\"elementor-spacer\">\n\t\t\t<div class=\"elementor-spacer-inner\"><\/div>\n\t\t<\/div>\n\t\t\t\t\t\t<\/div>\n\t\t\t\t<div class=\"elementor-element elementor-element-d5135ac elementor-widget__width-initial elementor-widget elementor-widget-heading\" data-id=\"d5135ac\" data-element_type=\"widget\" data-e-type=\"widget\" data-widget_type=\"heading.default\">\n\t\t\t\t\t<h1 class=\"elementor-heading-title elementor-size-default\">Imprint<\/h1>\t\t\t\t<\/div>\n\t\t\t\t<div class=\"elementor-element elementor-element-ef2b8d8 elementor-widget__width-initial elementor-widget elementor-widget-text-editor\" data-id=\"ef2b8d8\" data-element_type=\"widget\" data-e-type=\"widget\" data-widget_type=\"text-editor.default\">\n\t\t\t\t\t\t\t\t\t<p>Bootsservice Rettich GmbH &amp; Co. KG<br \/>In Neust\u00fcckern 1<br \/>78351 Bodman<\/p><p>Commercial register: HRA 703935<br \/>Register court: Local court Freiburg<\/p><p><strong>Represented by the personally liable partner:<\/strong><br \/>Rettich Verwaltungs GmbH<br \/>Registered office: Bodman-Ludwigshafen<\/p><p>Managing Director:<br \/>Doris Rettich<\/p><p>Commercial register: HRB 712234<br \/>Register court: Local court Freiburg<\/p><h2 class=\"fusion-responsive-typography-calculated\" data-fontsize=\"30\" data-lineheight=\"36px\">Contact us<\/h2><p>Phone: 07773 5011<br \/>Fax: 07773 485<br \/>E-mail: info@bootsservice-rettich.de<\/p><h2 class=\"fusion-responsive-typography-calculated\" data-fontsize=\"30\" data-lineheight=\"36px\">Value added tax<\/h2><p>Sales tax identification number according to \u00a727 a sales tax law:<br \/>DE 298 428 780<\/p><h3 class=\"fusion-responsive-typography-calculated\" data-fontsize=\"24\" data-lineheight=\"28.8px\">Liability for content<\/h3><p>As a service provider, we are responsible for our own content on these pages in accordance with Section 7 (1) TMG (German Telemedia Act) and general legislation. According to \u00a7\u00a7 8 to 10 TMG, however, we as a service provider are not obliged to monitor transmitted or stored third-party information or to investigate circumstances that indicate illegal activity.<\/p><p>Obligations to remove or block the use of information in accordance with general legislation remain unaffected by this. However, liability in this respect is only possible from the time we become aware of a specific infringement. As soon as we become aware of such infringements, we will remove this content immediately.<\/p><h3 class=\"fusion-responsive-typography-calculated\" data-fontsize=\"24\" data-lineheight=\"28.8px\">Liability for links<\/h3><p>Our website contains links to external third-party websites over whose content we have no influence. Therefore, we cannot accept any liability for this third-party content. The respective provider or operator of the pages is always responsible for the content of the linked pages. The linked pages were checked for possible legal violations at the time of linking. Illegal contents were not recognisable at the time of linking.<\/p><p>However, permanent monitoring of the content of the linked pages is not reasonable without concrete evidence of an infringement. If we become aware of any legal infringements, we will remove such links immediately.<\/p><h3 class=\"fusion-responsive-typography-calculated\" data-fontsize=\"24\" data-lineheight=\"28.8px\">Copyright<\/h3><p>The content and works created by the site operators on these pages are subject to German copyright law. Duplication, processing, distribution and any kind of utilisation outside the limits of copyright law require the written consent of the respective author or creator. Downloads and copies of this site are only permitted for private, non-commercial use.<\/p><p>Insofar as the content on this site was not created by the operator, the copyrights of third parties are respected. In particular, third-party content is labelled as such. Should you nevertheless become aware of a copyright infringement, please inform us accordingly. If we become aware of any infringements, we will remove such content immediately.<\/p><h3>Realisation with WordPress<\/h3><p>from the <a href=\"https:\/\/laolaweb.com\" target=\"_blank\" rel=\"noopener\">Internet agency laOlaWeb<\/a><\/p>\t\t\t\t\t\t\t\t<\/div>\n\t\t\t\t\t<\/div>\n\t\t\t\t<\/div>\n\t\t\t\t<\/div>","protected":false},"excerpt":{"rendered":"<p>Angaben gem\u00e4\u00df \u00a7 5 TMG Impressum Bootsservice Rettich GmbH &amp; Co. KGIn Neust\u00fcckern 178351 Bodman Handelsregister: HRA 703935Registergericht: Amtsgericht Freiburg Vertreten durch die pers\u00f6nlich haftende Gesellschafterin:Rettich Verwaltungs GmbHSitz: Bodman-Ludwigshafen Gesch\u00e4ftsf\u00fchrer:Doris Rettich Handelsregister: HRB 712234Registergericht: Amtsgericht Freiburg Kontakt Telefon: 07773 5011Telefax: 07773 485E-Mail: info@bootsservice-rettich.de Umsatzsteuer Umsatzsteuer-Identifikationsnummer gem\u00e4\u00df \u00a727 a Umsatzsteuergesetz:DE 298 428 780 Haftung f\u00fcr Inhalte [&hellip;]<\/p>\n","protected":false},"author":4,"featured_media":0,"parent":0,"menu_order":0,"comment_status":"closed","ping_status":"closed","template":"","meta":{"footnotes":""},"class_list":["post-537","page","type-page","status-publish","hentry"],"yoast_head":"<!-- This site is optimized with the Yoast SEO plugin v27.3 - https:\/\/yoast.com\/product\/yoast-seo-wordpress\/ -->\n<title>Impressum - HLF Marine<\/title>\n<meta name=\"robots\" content=\"index, follow, max-snippet:-1, max-image-preview:large, max-video-preview:-1\" \/>\n<link rel=\"canonical\" href=\"https:\/\/hlfmarine.com\/en\/imprint\/\" \/>\n<meta property=\"og:locale\" content=\"en_GB\" \/>\n<meta property=\"og:type\" content=\"article\" \/>\n<meta property=\"og:title\" content=\"Impressum - HLF Marine\" \/>\n<meta property=\"og:description\" content=\"Angaben gem\u00e4\u00df \u00a7 5 TMG Impressum Bootsservice Rettich GmbH &amp; Co. KGIn Neust\u00fcckern 178351 Bodman Handelsregister: HRA 703935Registergericht: Amtsgericht Freiburg Vertreten durch die pers\u00f6nlich haftende Gesellschafterin:Rettich Verwaltungs GmbHSitz: Bodman-Ludwigshafen Gesch\u00e4ftsf\u00fchrer:Doris Rettich Handelsregister: HRB 712234Registergericht: Amtsgericht Freiburg Kontakt Telefon: 07773 5011Telefax: 07773 485E-Mail: info@bootsservice-rettich.de Umsatzsteuer Umsatzsteuer-Identifikationsnummer gem\u00e4\u00df \u00a727 a Umsatzsteuergesetz:DE 298 428 780 Haftung f\u00fcr Inhalte [&hellip;]\" \/>\n<meta property=\"og:url\" content=\"https:\/\/hlfmarine.com\/en\/imprint\/\" \/>\n<meta property=\"og:site_name\" content=\"HLF Marine\" \/>\n<meta property=\"article:modified_time\" content=\"2026-04-01T07:55:27+00:00\" \/>\n<meta name=\"twitter:card\" content=\"summary_large_image\" \/>\n<meta name=\"twitter:label1\" content=\"Estimated reading time\" \/>\n\t<meta name=\"twitter:data1\" content=\"2 minutes\" \/>\n<script type=\"application\/ld+json\" class=\"yoast-schema-graph\">{\"@context\":\"https:\\\/\\\/schema.org\",\"@graph\":[{\"@type\":\"WebPage\",\"@id\":\"https:\\\/\\\/hlfmarine.com\\\/impressum\\\/\",\"url\":\"https:\\\/\\\/hlfmarine.com\\\/impressum\\\/\",\"name\":\"Impressum - HLF Marine\",\"isPartOf\":{\"@id\":\"https:\\\/\\\/hlfmarine.com\\\/de\\\/#website\"},\"datePublished\":\"2021-08-19T08:39:08+00:00\",\"dateModified\":\"2026-04-01T07:55:27+00:00\",\"breadcrumb\":{\"@id\":\"https:\\\/\\\/hlfmarine.com\\\/impressum\\\/#breadcrumb\"},\"inLanguage\":\"en-GB\",\"potentialAction\":[{\"@type\":\"ReadAction\",\"target\":[\"https:\\\/\\\/hlfmarine.com\\\/impressum\\\/\"]}]},{\"@type\":\"BreadcrumbList\",\"@id\":\"https:\\\/\\\/hlfmarine.com\\\/impressum\\\/#breadcrumb\",\"itemListElement\":[{\"@type\":\"ListItem\",\"position\":1,\"name\":\"Start\",\"item\":\"https:\\\/\\\/hlfmarine.com\\\/\"},{\"@type\":\"ListItem\",\"position\":2,\"name\":\"Impressum\"}]},{\"@type\":\"WebSite\",\"@id\":\"https:\\\/\\\/hlfmarine.com\\\/de\\\/#website\",\"url\":\"https:\\\/\\\/hlfmarine.com\\\/de\\\/\",\"name\":\"HLF Marine\",\"description\":\"High Level Floor bietet vollkommen neue Gestaltungsm\u00f6glichkeiten f\u00fcr den Decksbelag Ihres Bootes.\",\"publisher\":{\"@id\":\"https:\\\/\\\/hlfmarine.com\\\/de\\\/#organization\"},\"potentialAction\":[{\"@type\":\"SearchAction\",\"target\":{\"@type\":\"EntryPoint\",\"urlTemplate\":\"https:\\\/\\\/hlfmarine.com\\\/de\\\/?s={search_term_string}\"},\"query-input\":{\"@type\":\"PropertyValueSpecification\",\"valueRequired\":true,\"valueName\":\"search_term_string\"}}],\"inLanguage\":\"en-GB\"},{\"@type\":\"Organization\",\"@id\":\"https:\\\/\\\/hlfmarine.com\\\/de\\\/#organization\",\"name\":\"HLF Marine\",\"url\":\"https:\\\/\\\/hlfmarine.com\\\/de\\\/\",\"logo\":{\"@type\":\"ImageObject\",\"inLanguage\":\"en-GB\",\"@id\":\"https:\\\/\\\/hlfmarine.com\\\/de\\\/#\\\/schema\\\/logo\\\/image\\\/\",\"url\":\"https:\\\/\\\/hlfmarine.com\\\/wp-content\\\/uploads\\\/2021\\\/06\\\/logo2.png\",\"contentUrl\":\"https:\\\/\\\/hlfmarine.com\\\/wp-content\\\/uploads\\\/2021\\\/06\\\/logo2.png\",\"width\":519,\"height\":260,\"caption\":\"HLF Marine\"},\"image\":{\"@id\":\"https:\\\/\\\/hlfmarine.com\\\/de\\\/#\\\/schema\\\/logo\\\/image\\\/\"}}]}<\/script>\n<!-- \/ Yoast SEO plugin. -->","yoast_head_json":{"title":"Imprint - HLF Marine","robots":{"index":"index","follow":"follow","max-snippet":"max-snippet:-1","max-image-preview":"max-image-preview:large","max-video-preview":"max-video-preview:-1"},"canonical":"https:\/\/hlfmarine.com\/en\/imprint\/","og_locale":"en_GB","og_type":"article","og_title":"Impressum - HLF Marine","og_description":"Angaben gem\u00e4\u00df \u00a7 5 TMG Impressum Bootsservice Rettich GmbH &amp; Co. KGIn Neust\u00fcckern 178351 Bodman Handelsregister: HRA 703935Registergericht: Amtsgericht Freiburg Vertreten durch die pers\u00f6nlich haftende Gesellschafterin:Rettich Verwaltungs GmbHSitz: Bodman-Ludwigshafen Gesch\u00e4ftsf\u00fchrer:Doris Rettich Handelsregister: HRB 712234Registergericht: Amtsgericht Freiburg Kontakt Telefon: 07773 5011Telefax: 07773 485E-Mail: info@bootsservice-rettich.de Umsatzsteuer Umsatzsteuer-Identifikationsnummer gem\u00e4\u00df \u00a727 a Umsatzsteuergesetz:DE 298 428 780 Haftung f\u00fcr Inhalte [&hellip;]","og_url":"https:\/\/hlfmarine.com\/en\/imprint\/","og_site_name":"HLF Marine","article_modified_time":"2026-04-01T07:55:27+00:00","twitter_card":"summary_large_image","twitter_misc":{"Estimated reading time":"2 minutes"},"schema":{"@context":"https:\/\/schema.org","@graph":[{"@type":"WebPage","@id":"https:\/\/hlfmarine.com\/impressum\/","url":"https:\/\/hlfmarine.com\/impressum\/","name":"Imprint - HLF Marine","isPartOf":{"@id":"https:\/\/hlfmarine.com\/de\/#website"},"datePublished":"2021-08-19T08:39:08+00:00","dateModified":"2026-04-01T07:55:27+00:00","breadcrumb":{"@id":"https:\/\/hlfmarine.com\/impressum\/#breadcrumb"},"inLanguage":"en-GB","potentialAction":[{"@type":"ReadAction","target":["https:\/\/hlfmarine.com\/impressum\/"]}]},{"@type":"BreadcrumbList","@id":"https:\/\/hlfmarine.com\/impressum\/#breadcrumb","itemListElement":[{"@type":"ListItem","position":1,"name":"Start","item":"https:\/\/hlfmarine.com\/"},{"@type":"ListItem","position":2,"name":"Impressum"}]},{"@type":"WebSite","@id":"https:\/\/hlfmarine.com\/de\/#website","url":"https:\/\/hlfmarine.com\/de\/","name":"HLF Marine","description":"High Level Floor offers completely new design possibilities for the deck covering of your boat.","publisher":{"@id":"https:\/\/hlfmarine.com\/de\/#organization"},"potentialAction":[{"@type":"SearchAction","target":{"@type":"EntryPoint","urlTemplate":"https:\/\/hlfmarine.com\/de\/?s={search_term_string}"},"query-input":{"@type":"PropertyValueSpecification","valueRequired":true,"valueName":"search_term_string"}}],"inLanguage":"en-GB"},{"@type":"Organization","@id":"https:\/\/hlfmarine.com\/de\/#organization","name":"HLF Marine","url":"https:\/\/hlfmarine.com\/de\/","logo":{"@type":"ImageObject","inLanguage":"en-GB","@id":"https:\/\/hlfmarine.com\/de\/#\/schema\/logo\/image\/","url":"https:\/\/hlfmarine.com\/wp-content\/uploads\/2021\/06\/logo2.png","contentUrl":"https:\/\/hlfmarine.com\/wp-content\/uploads\/2021\/06\/logo2.png","width":519,"height":260,"caption":"HLF Marine"},"image":{"@id":"https:\/\/hlfmarine.com\/de\/#\/schema\/logo\/image\/"}}]}},"_links":{"self":[{"href":"https:\/\/hlfmarine.com\/en\/wp-json\/wp\/v2\/pages\/537","targetHints":{"allow":["GET"]}}],"collection":[{"href":"https:\/\/hlfmarine.com\/en\/wp-json\/wp\/v2\/pages"}],"about":[{"href":"https:\/\/hlfmarine.com\/en\/wp-json\/wp\/v2\/types\/page"}],"author":[{"embeddable":true,"href":"https:\/\/hlfmarine.com\/en\/wp-json\/wp\/v2\/users\/4"}],"replies":[{"embeddable":true,"href":"https:\/\/hlfmarine.com\/en\/wp-json\/wp\/v2\/comments?post=537"}],"version-history":[{"count":10,"href":"https:\/\/hlfmarine.com\/en\/wp-json\/wp\/v2\/pages\/537\/revisions"}],"predecessor-version":[{"id":2498,"href":"https:\/\/hlfmarine.com\/en\/wp-json\/wp\/v2\/pages\/537\/revisions\/2498"}],"wp:attachment":[{"href":"https:\/\/hlfmarine.com\/en\/wp-json\/wp\/v2\/media?parent=537"}],"curies":[{"name":"wp","href":"https:\/\/api.w.org\/{rel}","templated":true}]}}